{"id":916,"date":"2024-07-30T13:24:33","date_gmt":"2024-07-30T16:24:33","guid":{"rendered":"https:\/\/temporarioliving.win10marketing.com.br\/?page_id=916"},"modified":"2025-01-03T16:39:21","modified_gmt":"2025-01-03T19:39:21","slug":"investimento-imobiliario","status":"publish","type":"page","link":"https:\/\/livingseguros.com.br\/index.php\/investimento-imobiliario\/","title":{"rendered":"Investimento Imobili\u00e1rio"},"content":{"rendered":"\t\t<div data-elementor-type=\"wp-page\" data-elementor-id=\"916\" class=\"elementor elementor-916\" data-elementor-post-type=\"page\">\n\t\t\t\t<div class=\"has_eae_slider elementor-element elementor-element-3fce29f e-flex e-con-boxed wpr-particle-no wpr-jarallax-no wpr-parallax-no wpr-sticky-section-no e-con e-parent\" data-id=\"3fce29f\" data-element_type=\"container\" data-settings=\"{&quot;background_background&quot;:&quot;gradient&quot;}\">\n\t\t\t\t\t<div class=\"e-con-inner\">\n\t\t\t\t<div class=\"elementor-element elementor-element-3b5eb97 elementor-widget elementor-widget-heading\" data-id=\"3b5eb97\" data-element_type=\"widget\" data-widget_type=\"heading.default\">\n\t\t\t\t<div class=\"elementor-widget-container\">\n\t\t\t\t\t<h2 class=\"elementor-heading-title elementor-size-default\">Investimento Imobili\u00e1rio<\/h2>\t\t\t\t<\/div>\n\t\t\t\t<\/div>\n\t\t\t\t\t<\/div>\n\t\t\t\t<\/div>\n\t\t<div class=\"has_eae_slider elementor-element elementor-element-9921e8e e-flex e-con-boxed wpr-particle-no wpr-jarallax-no wpr-parallax-no wpr-sticky-section-no e-con e-parent\" data-id=\"9921e8e\" data-element_type=\"container\">\n\t\t\t\t\t<div class=\"e-con-inner\">\n\t\t<div class=\"has_eae_slider elementor-element elementor-element-f74bf66 e-con-full e-flex wpr-particle-no wpr-jarallax-no wpr-parallax-no wpr-sticky-section-no e-con e-child\" data-id=\"f74bf66\" data-element_type=\"container\">\n\t\t\t\t<div class=\"elementor-element elementor-element-d7e1477 animated-slow elementor-invisible elementor-widget elementor-widget-text-editor\" data-id=\"d7e1477\" data-element_type=\"widget\" data-settings=\"{&quot;_animation&quot;:&quot;fadeIn&quot;}\" data-widget_type=\"text-editor.default\">\n\t\t\t\t<div class=\"elementor-widget-container\">\n\t\t\t\t\t\t\t\t\t<p>Investimento Imobili\u00e1rio Living<\/p>\t\t\t\t\t\t\t\t<\/div>\n\t\t\t\t<\/div>\n\t\t\t\t<div class=\"elementor-element elementor-element-b40a072 animated-slow elementor-widget__width-initial elementor-invisible elementor-widget elementor-widget-heading\" data-id=\"b40a072\" data-element_type=\"widget\" data-settings=\"{&quot;_animation&quot;:&quot;fadeIn&quot;}\" data-widget_type=\"heading.default\">\n\t\t\t\t<div class=\"elementor-widget-container\">\n\t\t\t\t\t<h2 class=\"elementor-heading-title elementor-size-default\">Explore as melhores op\u00e7\u00f5es de investimento imobili\u00e1rio para o seu futuro.<\/h2>\t\t\t\t<\/div>\n\t\t\t\t<\/div>\n\t\t\t\t<div class=\"elementor-element elementor-element-bf9df09 elementor-align-justify elementor-widget__width-initial elementor-widget elementor-widget-button\" data-id=\"bf9df09\" data-element_type=\"widget\" data-widget_type=\"button.default\">\n\t\t\t\t<div class=\"elementor-widget-container\">\n\t\t\t\t\t\t\t\t\t<div class=\"elementor-button-wrapper\">\n\t\t\t\t\t<a class=\"elementor-button elementor-button-link elementor-size-sm\" href=\"https:\/\/app.leadster.com.br\/capture\/HtXstIK4ObjCinZU\">\n\t\t\t\t\t\t<span class=\"elementor-button-content-wrapper\">\n\t\t\t\t\t\t<span class=\"elementor-button-icon\">\n\t\t\t\t<svg aria-hidden=\"true\" class=\"e-font-icon-svg e-far-arrow-alt-circle-right\" viewBox=\"0 0 512 512\" xmlns=\"http:\/\/www.w3.org\/2000\/svg\"><path d=\"M504 256C504 119 393 8 256 8S8 119 8 256s111 248 248 248 248-111 248-248zm-448 0c0-110.5 89.5-200 200-200s200 89.5 200 200-89.5 200-200 200S56 366.5 56 256zm72 20v-40c0-6.6 5.4-12 12-12h116v-67c0-10.7 12.9-16 20.5-8.5l99 99c4.7 4.7 4.7 12.3 0 17l-99 99c-7.6 7.6-20.5 2.2-20.5-8.5v-67H140c-6.6 0-12-5.4-12-12z\"><\/path><\/svg>\t\t\t<\/span>\n\t\t\t\t\t\t\t\t\t<span class=\"elementor-button-text\">SIMULAR AGORA <\/span>\n\t\t\t\t\t<\/span>\n\t\t\t\t\t<\/a>\n\t\t\t\t<\/div>\n\t\t\t\t\t\t\t\t<\/div>\n\t\t\t\t<\/div>\n\t\t\t\t<\/div>\n\t\t\t\t\t<\/div>\n\t\t\t\t<\/div>\n\t\t<div class=\"has_eae_slider elementor-element elementor-element-9fd382a e-flex e-con-boxed wpr-particle-no wpr-jarallax-no wpr-parallax-no wpr-sticky-section-no e-con e-parent\" data-id=\"9fd382a\" data-element_type=\"container\" data-settings=\"{&quot;background_background&quot;:&quot;gradient&quot;}\">\n\t\t\t\t\t<div class=\"e-con-inner\">\n\t\t\t\t<div class=\"elementor-element elementor-element-ac9e958 animated-slow elementor-invisible elementor-widget elementor-widget-text-editor\" data-id=\"ac9e958\" data-element_type=\"widget\" data-settings=\"{&quot;_animation&quot;:&quot;fadeIn&quot;}\" data-widget_type=\"text-editor.default\">\n\t\t\t\t<div class=\"elementor-widget-container\">\n\t\t\t\t\t\t\t\t\t<p>Orienta\u00e7\u00e3o que oferecemos<\/p>\t\t\t\t\t\t\t\t<\/div>\n\t\t\t\t<\/div>\n\t\t<div class=\"has_eae_slider elementor-element elementor-element-f689cbd e-con-full e-flex wpr-particle-no wpr-jarallax-no wpr-parallax-no wpr-sticky-section-no e-con e-child\" data-id=\"f689cbd\" data-element_type=\"container\">\n\t\t<div class=\"has_eae_slider elementor-element elementor-element-aa4f4e0 e-con-full animated-slow e-flex wpr-particle-no wpr-jarallax-no wpr-parallax-no wpr-sticky-section-no elementor-invisible e-con e-child\" data-id=\"aa4f4e0\" data-element_type=\"container\" data-settings=\"{&quot;background_background&quot;:&quot;classic&quot;,&quot;animation&quot;:&quot;fadeInLeft&quot;}\">\n\t\t\t\t<div class=\"elementor-element elementor-element-ec9c1b0 elementor-widget elementor-widget-heading\" data-id=\"ec9c1b0\" data-element_type=\"widget\" data-widget_type=\"heading.default\">\n\t\t\t\t<div class=\"elementor-widget-container\">\n\t\t\t\t\t<h2 class=\"elementor-heading-title elementor-size-default\">Im\u00f3veis Residenciais<\/h2>\t\t\t\t<\/div>\n\t\t\t\t<\/div>\n\t\t\t\t<div class=\"elementor-element elementor-element-3489505 elementor-align-justify animated-slow elementor-widget elementor-widget-button\" data-id=\"3489505\" data-element_type=\"widget\" data-settings=\"{&quot;_animation&quot;:&quot;none&quot;}\" data-widget_type=\"button.default\">\n\t\t\t\t<div class=\"elementor-widget-container\">\n\t\t\t\t\t\t\t\t\t<div class=\"elementor-button-wrapper\">\n\t\t\t\t\t<a class=\"elementor-button elementor-button-link elementor-size-sm\" href=\"https:\/\/app.leadster.com.br\/capture\/HtXstIK4ObjCinZU\">\n\t\t\t\t\t\t<span class=\"elementor-button-content-wrapper\">\n\t\t\t\t\t\t\t\t\t<span class=\"elementor-button-text\">Falar com especialista<\/span>\n\t\t\t\t\t<\/span>\n\t\t\t\t\t<\/a>\n\t\t\t\t<\/div>\n\t\t\t\t\t\t\t\t<\/div>\n\t\t\t\t<\/div>\n\t\t\t\t<\/div>\n\t\t<div class=\"has_eae_slider elementor-element elementor-element-da82a42 e-con-full animated-slow e-flex wpr-particle-no wpr-jarallax-no wpr-parallax-no wpr-sticky-section-no elementor-invisible e-con e-child\" data-id=\"da82a42\" data-element_type=\"container\" data-settings=\"{&quot;background_background&quot;:&quot;classic&quot;,&quot;animation&quot;:&quot;fadeInLeft&quot;}\">\n\t\t\t\t<div class=\"elementor-element elementor-element-5ccc4bf elementor-widget elementor-widget-heading\" data-id=\"5ccc4bf\" data-element_type=\"widget\" data-widget_type=\"heading.default\">\n\t\t\t\t<div class=\"elementor-widget-container\">\n\t\t\t\t\t<h2 class=\"elementor-heading-title elementor-size-default\">Im\u00f3veis Comerciais<\/h2>\t\t\t\t<\/div>\n\t\t\t\t<\/div>\n\t\t\t\t<div class=\"elementor-element elementor-element-8d89a3f elementor-align-justify animated-slow elementor-widget elementor-widget-button\" data-id=\"8d89a3f\" data-element_type=\"widget\" data-settings=\"{&quot;_animation&quot;:&quot;none&quot;}\" data-widget_type=\"button.default\">\n\t\t\t\t<div class=\"elementor-widget-container\">\n\t\t\t\t\t\t\t\t\t<div class=\"elementor-button-wrapper\">\n\t\t\t\t\t<a class=\"elementor-button elementor-button-link elementor-size-sm\" href=\"https:\/\/app.leadster.com.br\/capture\/HtXstIK4ObjCinZU\">\n\t\t\t\t\t\t<span class=\"elementor-button-content-wrapper\">\n\t\t\t\t\t\t\t\t\t<span class=\"elementor-button-text\">Falar com especialista<\/span>\n\t\t\t\t\t<\/span>\n\t\t\t\t\t<\/a>\n\t\t\t\t<\/div>\n\t\t\t\t\t\t\t\t<\/div>\n\t\t\t\t<\/div>\n\t\t\t\t<\/div>\n\t\t<div class=\"has_eae_slider elementor-element elementor-element-610e3a0 e-con-full animated-slow e-flex wpr-particle-no wpr-jarallax-no wpr-parallax-no wpr-sticky-section-no elementor-invisible e-con e-child\" data-id=\"610e3a0\" data-element_type=\"container\" data-settings=\"{&quot;background_background&quot;:&quot;classic&quot;,&quot;animation&quot;:&quot;fadeInLeft&quot;}\">\n\t\t\t\t<div class=\"elementor-element elementor-element-0538e8a elementor-widget elementor-widget-heading\" data-id=\"0538e8a\" data-element_type=\"widget\" data-widget_type=\"heading.default\">\n\t\t\t\t<div class=\"elementor-widget-container\">\n\t\t\t\t\t<h2 class=\"elementor-heading-title elementor-size-default\">Im\u00f3veis na Planta<\/h2>\t\t\t\t<\/div>\n\t\t\t\t<\/div>\n\t\t\t\t<div class=\"elementor-element elementor-element-047f78d elementor-align-justify animated-slow elementor-widget elementor-widget-button\" data-id=\"047f78d\" data-element_type=\"widget\" data-settings=\"{&quot;_animation&quot;:&quot;none&quot;}\" data-widget_type=\"button.default\">\n\t\t\t\t<div class=\"elementor-widget-container\">\n\t\t\t\t\t\t\t\t\t<div class=\"elementor-button-wrapper\">\n\t\t\t\t\t<a class=\"elementor-button elementor-button-link elementor-size-sm\" href=\"https:\/\/app.leadster.com.br\/capture\/HtXstIK4ObjCinZU\">\n\t\t\t\t\t\t<span class=\"elementor-button-content-wrapper\">\n\t\t\t\t\t\t\t\t\t<span class=\"elementor-button-text\">Falar com especialista<\/span>\n\t\t\t\t\t<\/span>\n\t\t\t\t\t<\/a>\n\t\t\t\t<\/div>\n\t\t\t\t\t\t\t\t<\/div>\n\t\t\t\t<\/div>\n\t\t\t\t<\/div>\n\t\t\t\t<\/div>\n\t\t\t\t\t<\/div>\n\t\t\t\t<\/div>\n\t\t<div class=\"has_eae_slider elementor-element elementor-element-78e9953 e-flex e-con-boxed wpr-particle-no wpr-jarallax-no wpr-parallax-no wpr-sticky-section-no e-con e-parent\" data-id=\"78e9953\" data-element_type=\"container\">\n\t\t\t\t\t<div class=\"e-con-inner\">\n\t\t<div class=\"has_eae_slider elementor-element elementor-element-f61d2df e-con-full animated-slow e-flex wpr-particle-no wpr-jarallax-no wpr-parallax-no wpr-sticky-section-no elementor-invisible e-con e-child\" data-id=\"f61d2df\" data-element_type=\"container\" data-settings=\"{&quot;animation&quot;:&quot;fadeInLeft&quot;}\">\n\t\t\t\t<div class=\"elementor-element elementor-element-cb36fbf animated-slow elementor-invisible elementor-widget elementor-widget-text-editor\" data-id=\"cb36fbf\" data-element_type=\"widget\" data-settings=\"{&quot;_animation&quot;:&quot;fadeIn&quot;}\" data-widget_type=\"text-editor.default\">\n\t\t\t\t<div class=\"elementor-widget-container\">\n\t\t\t\t\t\t\t\t\t<p>Por que o<\/p>\t\t\t\t\t\t\t\t<\/div>\n\t\t\t\t<\/div>\n\t\t\t\t<div class=\"elementor-element elementor-element-e8b324b animated-slow elementor-invisible elementor-widget elementor-widget-heading\" data-id=\"e8b324b\" data-element_type=\"widget\" data-settings=\"{&quot;_animation&quot;:&quot;fadeIn&quot;}\" data-widget_type=\"heading.default\">\n\t\t\t\t<div class=\"elementor-widget-container\">\n\t\t\t\t\t<h2 class=\"elementor-heading-title elementor-size-default\">Mercado Imobili\u00e1rio?\n<\/h2>\t\t\t\t<\/div>\n\t\t\t\t<\/div>\n\t\t\t\t<div class=\"elementor-element elementor-element-13d634e animated-slow elementor-invisible elementor-widget elementor-widget-heading\" data-id=\"13d634e\" data-element_type=\"widget\" data-settings=\"{&quot;_animation&quot;:&quot;fadeIn&quot;}\" data-widget_type=\"heading.default\">\n\t\t\t\t<div class=\"elementor-widget-container\">\n\t\t\t\t\t<h2 class=\"elementor-heading-title elementor-size-default\">O mercado imobili\u00e1rio oferece uma forma tang\u00edvel e segura de investir, com potencial de valoriza\u00e7\u00e3o de longo prazo. Com a nossa orienta\u00e7\u00e3o, voc\u00ea pode maximizar seus retornos e minimizar riscos.<\/h2>\t\t\t\t<\/div>\n\t\t\t\t<\/div>\n\t\t\t\t<div class=\"elementor-element elementor-element-96720a6 elementor-align-justify elementor-widget__width-initial animated-slow elementor-widget-tablet__width-initial elementor-invisible elementor-widget elementor-widget-button\" data-id=\"96720a6\" data-element_type=\"widget\" data-settings=\"{&quot;_animation&quot;:&quot;fadeInLeft&quot;}\" data-widget_type=\"button.default\">\n\t\t\t\t<div class=\"elementor-widget-container\">\n\t\t\t\t\t\t\t\t\t<div class=\"elementor-button-wrapper\">\n\t\t\t\t\t<a class=\"elementor-button elementor-button-link elementor-size-sm\" href=\"https:\/\/app.leadster.com.br\/capture\/HtXstIK4ObjCinZU\">\n\t\t\t\t\t\t<span class=\"elementor-button-content-wrapper\">\n\t\t\t\t\t\t<span class=\"elementor-button-icon\">\n\t\t\t\t<svg aria-hidden=\"true\" class=\"e-font-icon-svg e-far-arrow-alt-circle-right\" viewBox=\"0 0 512 512\" xmlns=\"http:\/\/www.w3.org\/2000\/svg\"><path d=\"M504 256C504 119 393 8 256 8S8 119 8 256s111 248 248 248 248-111 248-248zm-448 0c0-110.5 89.5-200 200-200s200 89.5 200 200-89.5 200-200 200S56 366.5 56 256zm72 20v-40c0-6.6 5.4-12 12-12h116v-67c0-10.7 12.9-16 20.5-8.5l99 99c4.7 4.7 4.7 12.3 0 17l-99 99c-7.6 7.6-20.5 2.2-20.5-8.5v-67H140c-6.6 0-12-5.4-12-12z\"><\/path><\/svg>\t\t\t<\/span>\n\t\t\t\t\t\t\t\t\t<span class=\"elementor-button-text\">QUERO SABER MAIS<\/span>\n\t\t\t\t\t<\/span>\n\t\t\t\t\t<\/a>\n\t\t\t\t<\/div>\n\t\t\t\t\t\t\t\t<\/div>\n\t\t\t\t<\/div>\n\t\t\t\t<\/div>\n\t\t<div class=\"has_eae_slider elementor-element elementor-element-1d9ef87 e-con-full animated-slow e-flex wpr-particle-no wpr-jarallax-no wpr-parallax-no wpr-sticky-section-no elementor-invisible e-con e-child\" data-id=\"1d9ef87\" data-element_type=\"container\" data-settings=\"{&quot;animation&quot;:&quot;fadeInRight&quot;}\">\n\t\t\t\t<div class=\"elementor-element elementor-element-294c2f5 elementor-widget elementor-widget-image\" data-id=\"294c2f5\" data-element_type=\"widget\" data-widget_type=\"image.default\">\n\t\t\t\t<div class=\"elementor-widget-container\">\n\t\t\t\t\t\t\t\t\t\t\t\t\t\t\t<img fetchpriority=\"high\" decoding=\"async\" width=\"800\" height=\"534\" src=\"https:\/\/livingseguros.com.br\/wp-content\/uploads\/2024\/08\/closeup-of-a-miniature-house-in-a-female-hand-re-2023-11-27-05-02-34-utc-1024x683.jpeg\" class=\"attachment-large size-large wp-image-993\" alt=\"\" srcset=\"https:\/\/livingseguros.com.br\/wp-content\/uploads\/2024\/08\/closeup-of-a-miniature-house-in-a-female-hand-re-2023-11-27-05-02-34-utc-1024x683.jpeg 1024w, https:\/\/livingseguros.com.br\/wp-content\/uploads\/2024\/08\/closeup-of-a-miniature-house-in-a-female-hand-re-2023-11-27-05-02-34-utc-300x200.jpeg 300w, https:\/\/livingseguros.com.br\/wp-content\/uploads\/2024\/08\/closeup-of-a-miniature-house-in-a-female-hand-re-2023-11-27-05-02-34-utc-768x512.jpeg 768w, https:\/\/livingseguros.com.br\/wp-content\/uploads\/2024\/08\/closeup-of-a-miniature-house-in-a-female-hand-re-2023-11-27-05-02-34-utc-1536x1024.jpeg 1536w, https:\/\/livingseguros.com.br\/wp-content\/uploads\/2024\/08\/closeup-of-a-miniature-house-in-a-female-hand-re-2023-11-27-05-02-34-utc-2048x1365.jpeg 2048w\" sizes=\"(max-width: 800px) 100vw, 800px\" \/>\t\t\t\t\t\t\t\t\t\t\t\t\t\t\t<\/div>\n\t\t\t\t<\/div>\n\t\t\t\t<\/div>\n\t\t\t\t\t<\/div>\n\t\t\t\t<\/div>\n\t\t\t\t<\/div>\n\t\t","protected":false},"excerpt":{"rendered":"<p>Investimento Imobili\u00e1rio Investimento Imobili\u00e1rio Living Explore as melhores op\u00e7\u00f5es de investimento imobili\u00e1rio para o seu futuro. SIMULAR AGORA Orienta\u00e7\u00e3o que oferecemos Im\u00f3veis Residenciais Falar com especialista Im\u00f3veis Comerciais Falar com especialista Im\u00f3veis na Planta Falar com especialista Por que o Mercado Imobili\u00e1rio? O mercado imobili\u00e1rio oferece uma forma tang\u00edvel e segura de investir, com potencial de valoriza\u00e7\u00e3o de longo prazo. Com a nossa orienta\u00e7\u00e3o, voc\u00ea pode maximizar seus retornos e minimizar riscos. QUERO SABER MAIS<\/p>\n","protected":false},"author":1,"featured_media":0,"parent":0,"menu_order":0,"comment_status":"closed","ping_status":"closed","template":"","meta":{"footnotes":""},"class_list":["post-916","page","type-page","status-publish","hentry"],"yoast_head":"<!-- This site is optimized with the Yoast SEO plugin v24.3 - https:\/\/yoast.com\/wordpress\/plugins\/seo\/ -->\n<title>Investimento Imobili\u00e1rio - Living Seguros<\/title>\n<meta name=\"robots\" content=\"index, follow, max-snippet:-1, max-image-preview:large, max-video-preview:-1\" \/>\n<link rel=\"canonical\" href=\"https:\/\/livingseguros.com.br\/index.php\/investimento-imobiliario\/\" \/>\n<meta property=\"og:locale\" content=\"pt_BR\" \/>\n<meta property=\"og:type\" content=\"article\" \/>\n<meta property=\"og:title\" content=\"Investimento Imobili\u00e1rio - Living Seguros\" \/>\n<meta property=\"og:description\" content=\"Investimento Imobili\u00e1rio Investimento Imobili\u00e1rio Living Explore as melhores op\u00e7\u00f5es de investimento imobili\u00e1rio para o seu futuro. SIMULAR AGORA Orienta\u00e7\u00e3o que oferecemos Im\u00f3veis Residenciais Falar com especialista Im\u00f3veis Comerciais Falar com especialista Im\u00f3veis na Planta Falar com especialista Por que o Mercado Imobili\u00e1rio? O mercado imobili\u00e1rio oferece uma forma tang\u00edvel e segura de investir, com potencial de valoriza\u00e7\u00e3o de longo prazo. Com a nossa orienta\u00e7\u00e3o, voc\u00ea pode maximizar seus retornos e minimizar riscos. QUERO SABER MAIS\" \/>\n<meta property=\"og:url\" content=\"https:\/\/livingseguros.com.br\/index.php\/investimento-imobiliario\/\" \/>\n<meta property=\"og:site_name\" content=\"Living Seguros\" \/>\n<meta property=\"article:modified_time\" content=\"2025-01-03T19:39:21+00:00\" \/>\n<meta property=\"og:image\" content=\"https:\/\/livingseguros.com.br\/wp-content\/uploads\/2024\/08\/closeup-of-a-miniature-house-in-a-female-hand-re-2023-11-27-05-02-34-utc-scaled.jpeg\" \/>\n\t<meta property=\"og:image:width\" content=\"2560\" \/>\n\t<meta property=\"og:image:height\" content=\"1707\" \/>\n\t<meta property=\"og:image:type\" content=\"image\/jpeg\" \/>\n<meta name=\"twitter:card\" content=\"summary_large_image\" \/>\n<meta name=\"twitter:label1\" content=\"Est. tempo de leitura\" \/>\n\t<meta name=\"twitter:data1\" content=\"1 minuto\" \/>\n<script type=\"application\/ld+json\" class=\"yoast-schema-graph\">{\"@context\":\"https:\/\/schema.org\",\"@graph\":[{\"@type\":\"WebPage\",\"@id\":\"https:\/\/livingseguros.com.br\/index.php\/investimento-imobiliario\/\",\"url\":\"https:\/\/livingseguros.com.br\/index.php\/investimento-imobiliario\/\",\"name\":\"Investimento Imobili\u00e1rio - Living Seguros\",\"isPartOf\":{\"@id\":\"https:\/\/livingseguros.com.br\/#website\"},\"primaryImageOfPage\":{\"@id\":\"https:\/\/livingseguros.com.br\/index.php\/investimento-imobiliario\/#primaryimage\"},\"image\":{\"@id\":\"https:\/\/livingseguros.com.br\/index.php\/investimento-imobiliario\/#primaryimage\"},\"thumbnailUrl\":\"https:\/\/livingseguros.com.br\/wp-content\/uploads\/2024\/08\/closeup-of-a-miniature-house-in-a-female-hand-re-2023-11-27-05-02-34-utc-1024x683.jpeg\",\"datePublished\":\"2024-07-30T16:24:33+00:00\",\"dateModified\":\"2025-01-03T19:39:21+00:00\",\"breadcrumb\":{\"@id\":\"https:\/\/livingseguros.com.br\/index.php\/investimento-imobiliario\/#breadcrumb\"},\"inLanguage\":\"pt-BR\",\"potentialAction\":[{\"@type\":\"ReadAction\",\"target\":[\"https:\/\/livingseguros.com.br\/index.php\/investimento-imobiliario\/\"]}]},{\"@type\":\"ImageObject\",\"inLanguage\":\"pt-BR\",\"@id\":\"https:\/\/livingseguros.com.br\/index.php\/investimento-imobiliario\/#primaryimage\",\"url\":\"https:\/\/livingseguros.com.br\/wp-content\/uploads\/2024\/08\/closeup-of-a-miniature-house-in-a-female-hand-re-2023-11-27-05-02-34-utc-scaled.jpeg\",\"contentUrl\":\"https:\/\/livingseguros.com.br\/wp-content\/uploads\/2024\/08\/closeup-of-a-miniature-house-in-a-female-hand-re-2023-11-27-05-02-34-utc-scaled.jpeg\",\"width\":2560,\"height\":1707,\"caption\":\"A closeup of a miniature house in a female hand - Real estate concept\"},{\"@type\":\"BreadcrumbList\",\"@id\":\"https:\/\/livingseguros.com.br\/index.php\/investimento-imobiliario\/#breadcrumb\",\"itemListElement\":[{\"@type\":\"ListItem\",\"position\":1,\"name\":\"In\u00edcio\",\"item\":\"https:\/\/livingseguros.com.br\/\"},{\"@type\":\"ListItem\",\"position\":2,\"name\":\"Investimento Imobili\u00e1rio\"}]},{\"@type\":\"WebSite\",\"@id\":\"https:\/\/livingseguros.com.br\/#website\",\"url\":\"https:\/\/livingseguros.com.br\/\",\"name\":\"Living Seguros\",\"description\":\"Cons\u00f3rcios com Condi\u00e7\u00f5es Especiais. Confira Nossas Vantagens. Simule e Compre Agora mesmo. Compre Online. Sem Burocracia. Cons\u00f3rcio de Im\u00f3veis. Fale Com Especialista.\",\"potentialAction\":[{\"@type\":\"SearchAction\",\"target\":{\"@type\":\"EntryPoint\",\"urlTemplate\":\"https:\/\/livingseguros.com.br\/?s={search_term_string}\"},\"query-input\":{\"@type\":\"PropertyValueSpecification\",\"valueRequired\":true,\"valueName\":\"search_term_string\"}}],\"inLanguage\":\"pt-BR\"}]}<\/script>\n<!-- \/ Yoast SEO plugin. -->","yoast_head_json":{"title":"Investimento Imobili\u00e1rio - Living Seguros","robots":{"index":"index","follow":"follow","max-snippet":"max-snippet:-1","max-image-preview":"max-image-preview:large","max-video-preview":"max-video-preview:-1"},"canonical":"https:\/\/livingseguros.com.br\/index.php\/investimento-imobiliario\/","og_locale":"pt_BR","og_type":"article","og_title":"Investimento Imobili\u00e1rio - Living Seguros","og_description":"Investimento Imobili\u00e1rio Investimento Imobili\u00e1rio Living Explore as melhores op\u00e7\u00f5es de investimento imobili\u00e1rio para o seu futuro. SIMULAR AGORA Orienta\u00e7\u00e3o que oferecemos Im\u00f3veis Residenciais Falar com especialista Im\u00f3veis Comerciais Falar com especialista Im\u00f3veis na Planta Falar com especialista Por que o Mercado Imobili\u00e1rio? O mercado imobili\u00e1rio oferece uma forma tang\u00edvel e segura de investir, com potencial de valoriza\u00e7\u00e3o de longo prazo. Com a nossa orienta\u00e7\u00e3o, voc\u00ea pode maximizar seus retornos e minimizar riscos. QUERO SABER MAIS","og_url":"https:\/\/livingseguros.com.br\/index.php\/investimento-imobiliario\/","og_site_name":"Living Seguros","article_modified_time":"2025-01-03T19:39:21+00:00","og_image":[{"width":2560,"height":1707,"url":"https:\/\/livingseguros.com.br\/wp-content\/uploads\/2024\/08\/closeup-of-a-miniature-house-in-a-female-hand-re-2023-11-27-05-02-34-utc-scaled.jpeg","type":"image\/jpeg"}],"twitter_card":"summary_large_image","twitter_misc":{"Est. tempo de leitura":"1 minuto"},"schema":{"@context":"https:\/\/schema.org","@graph":[{"@type":"WebPage","@id":"https:\/\/livingseguros.com.br\/index.php\/investimento-imobiliario\/","url":"https:\/\/livingseguros.com.br\/index.php\/investimento-imobiliario\/","name":"Investimento Imobili\u00e1rio - Living Seguros","isPartOf":{"@id":"https:\/\/livingseguros.com.br\/#website"},"primaryImageOfPage":{"@id":"https:\/\/livingseguros.com.br\/index.php\/investimento-imobiliario\/#primaryimage"},"image":{"@id":"https:\/\/livingseguros.com.br\/index.php\/investimento-imobiliario\/#primaryimage"},"thumbnailUrl":"https:\/\/livingseguros.com.br\/wp-content\/uploads\/2024\/08\/closeup-of-a-miniature-house-in-a-female-hand-re-2023-11-27-05-02-34-utc-1024x683.jpeg","datePublished":"2024-07-30T16:24:33+00:00","dateModified":"2025-01-03T19:39:21+00:00","breadcrumb":{"@id":"https:\/\/livingseguros.com.br\/index.php\/investimento-imobiliario\/#breadcrumb"},"inLanguage":"pt-BR","potentialAction":[{"@type":"ReadAction","target":["https:\/\/livingseguros.com.br\/index.php\/investimento-imobiliario\/"]}]},{"@type":"ImageObject","inLanguage":"pt-BR","@id":"https:\/\/livingseguros.com.br\/index.php\/investimento-imobiliario\/#primaryimage","url":"https:\/\/livingseguros.com.br\/wp-content\/uploads\/2024\/08\/closeup-of-a-miniature-house-in-a-female-hand-re-2023-11-27-05-02-34-utc-scaled.jpeg","contentUrl":"https:\/\/livingseguros.com.br\/wp-content\/uploads\/2024\/08\/closeup-of-a-miniature-house-in-a-female-hand-re-2023-11-27-05-02-34-utc-scaled.jpeg","width":2560,"height":1707,"caption":"A closeup of a miniature house in a female hand - Real estate concept"},{"@type":"BreadcrumbList","@id":"https:\/\/livingseguros.com.br\/index.php\/investimento-imobiliario\/#breadcrumb","itemListElement":[{"@type":"ListItem","position":1,"name":"In\u00edcio","item":"https:\/\/livingseguros.com.br\/"},{"@type":"ListItem","position":2,"name":"Investimento Imobili\u00e1rio"}]},{"@type":"WebSite","@id":"https:\/\/livingseguros.com.br\/#website","url":"https:\/\/livingseguros.com.br\/","name":"Living Seguros","description":"Cons\u00f3rcios com Condi\u00e7\u00f5es Especiais. Confira Nossas Vantagens. Simule e Compre Agora mesmo. Compre Online. Sem Burocracia. Cons\u00f3rcio de Im\u00f3veis. Fale Com Especialista.","potentialAction":[{"@type":"SearchAction","target":{"@type":"EntryPoint","urlTemplate":"https:\/\/livingseguros.com.br\/?s={search_term_string}"},"query-input":{"@type":"PropertyValueSpecification","valueRequired":true,"valueName":"search_term_string"}}],"inLanguage":"pt-BR"}]}},"_links":{"self":[{"href":"https:\/\/livingseguros.com.br\/index.php\/wp-json\/wp\/v2\/pages\/916","targetHints":{"allow":["GET"]}}],"collection":[{"href":"https:\/\/livingseguros.com.br\/index.php\/wp-json\/wp\/v2\/pages"}],"about":[{"href":"https:\/\/livingseguros.com.br\/index.php\/wp-json\/wp\/v2\/types\/page"}],"author":[{"embeddable":true,"href":"https:\/\/livingseguros.com.br\/index.php\/wp-json\/wp\/v2\/users\/1"}],"replies":[{"embeddable":true,"href":"https:\/\/livingseguros.com.br\/index.php\/wp-json\/wp\/v2\/comments?post=916"}],"version-history":[{"count":46,"href":"https:\/\/livingseguros.com.br\/index.php\/wp-json\/wp\/v2\/pages\/916\/revisions"}],"predecessor-version":[{"id":1503,"href":"https:\/\/livingseguros.com.br\/index.php\/wp-json\/wp\/v2\/pages\/916\/revisions\/1503"}],"wp:attachment":[{"href":"https:\/\/livingseguros.com.br\/index.php\/wp-json\/wp\/v2\/media?parent=916"}],"curies":[{"name":"wp","href":"https:\/\/api.w.org\/{rel}","templated":true}]}}